{"id":3896,"date":"2015-09-01T12:02:34","date_gmt":"2015-09-01T10:02:34","guid":{"rendered":"https:\/\/televitis.unirioja.es\/?page_id=3896"},"modified":"2015-09-01T12:02:52","modified_gmt":"2015-09-01T10:02:52","slug":"aplicacion-y-estudio-de-sensores-no-destructivos-en-la-evaluacion-de-la-composicion-y-calidad-de-la-uva","status":"publish","type":"page","link":"https:\/\/televitis.unirioja.es\/index.php\/investigacion\/sensores-no-invasivos\/aplicacion-y-estudio-de-sensores-no-destructivos-en-la-evaluacion-de-la-composicion-y-calidad-de-la-uva\/","title":{"rendered":"Aplicaci\u00f3n y estudio de sensores no destructivos en la evaluaci\u00f3n de la composici\u00f3n y calidad de la uva"},"content":{"rendered":"","protected":false},"excerpt":{"rendered":"","protected":false},"author":1,"featured_media":0,"parent":3849,"menu_order":0,"comment_status":"open","ping_status":"open","template":"","meta":{"footnotes":""},"class_list":["post-3896","page","type-page","status-publish","hentry"],"yoast_head":"<!-- This site is optimized with the Yoast SEO plugin v27.2 - https:\/\/yoast.com\/product\/yoast-seo-wordpress\/ -->\n<title>Aplicaci\u00f3n y estudio de sensores no destructivos en la evaluaci\u00f3n de la composici\u00f3n y calidad de la uva - Televitis<\/title>\n<meta name=\"robots\" content=\"index, follow, max-snippet:-1, max-image-preview:large, max-video-preview:-1\" \/>\n<link rel=\"canonical\" href=\"https:\/\/televitis.unirioja.es\/index.php\/investigacion\/sensores-no-invasivos\/aplicacion-y-estudio-de-sensores-no-destructivos-en-la-evaluacion-de-la-composicion-y-calidad-de-la-uva\/\" \/>\n<meta property=\"og:locale\" content=\"es_ES\" \/>\n<meta property=\"og:type\" content=\"article\" \/>\n<meta property=\"og:title\" content=\"Aplicaci\u00f3n y estudio de sensores no destructivos en la evaluaci\u00f3n de la composici\u00f3n y calidad de la uva - Televitis\" \/>\n<meta property=\"og:url\" content=\"https:\/\/televitis.unirioja.es\/index.php\/investigacion\/sensores-no-invasivos\/aplicacion-y-estudio-de-sensores-no-destructivos-en-la-evaluacion-de-la-composicion-y-calidad-de-la-uva\/\" \/>\n<meta property=\"og:site_name\" content=\"Televitis\" \/>\n<meta property=\"article:modified_time\" content=\"2015-09-01T10:02:52+00:00\" \/>\n<meta name=\"twitter:card\" content=\"summary_large_image\" \/>\n<script type=\"application\/ld+json\" class=\"yoast-schema-graph\">{\"@context\":\"https:\/\/schema.org\",\"@graph\":[{\"@type\":\"WebPage\",\"@id\":\"https:\/\/televitis.unirioja.es\/index.php\/investigacion\/sensores-no-invasivos\/aplicacion-y-estudio-de-sensores-no-destructivos-en-la-evaluacion-de-la-composicion-y-calidad-de-la-uva\/\",\"url\":\"https:\/\/televitis.unirioja.es\/index.php\/investigacion\/sensores-no-invasivos\/aplicacion-y-estudio-de-sensores-no-destructivos-en-la-evaluacion-de-la-composicion-y-calidad-de-la-uva\/\",\"name\":\"Aplicaci\u00f3n y estudio de sensores no destructivos en la evaluaci\u00f3n de la composici\u00f3n y calidad de la uva - Televitis\",\"isPartOf\":{\"@id\":\"https:\/\/televitis.unirioja.es\/#website\"},\"datePublished\":\"2015-09-01T10:02:34+00:00\",\"dateModified\":\"2015-09-01T10:02:52+00:00\",\"breadcrumb\":{\"@id\":\"https:\/\/televitis.unirioja.es\/index.php\/investigacion\/sensores-no-invasivos\/aplicacion-y-estudio-de-sensores-no-destructivos-en-la-evaluacion-de-la-composicion-y-calidad-de-la-uva\/#breadcrumb\"},\"inLanguage\":\"es\",\"potentialAction\":[{\"@type\":\"ReadAction\",\"target\":[\"https:\/\/televitis.unirioja.es\/index.php\/investigacion\/sensores-no-invasivos\/aplicacion-y-estudio-de-sensores-no-destructivos-en-la-evaluacion-de-la-composicion-y-calidad-de-la-uva\/\"]}]},{\"@type\":\"BreadcrumbList\",\"@id\":\"https:\/\/televitis.unirioja.es\/index.php\/investigacion\/sensores-no-invasivos\/aplicacion-y-estudio-de-sensores-no-destructivos-en-la-evaluacion-de-la-composicion-y-calidad-de-la-uva\/#breadcrumb\",\"itemListElement\":[{\"@type\":\"ListItem\",\"position\":1,\"name\":\"Portada\",\"item\":\"https:\/\/televitis.unirioja.es\/\"},{\"@type\":\"ListItem\",\"position\":2,\"name\":\"Investigaci\u00f3n\",\"item\":\"https:\/\/televitis.unirioja.es\/index.php\/investigacion\/\"},{\"@type\":\"ListItem\",\"position\":3,\"name\":\"Sensores no invasivos\",\"item\":\"https:\/\/televitis.unirioja.es\/index.php\/investigacion\/sensores-no-invasivos\/\"},{\"@type\":\"ListItem\",\"position\":4,\"name\":\"Aplicaci\u00f3n y estudio de sensores no destructivos en la evaluaci\u00f3n de la composici\u00f3n y calidad de la uva\"}]},{\"@type\":\"WebSite\",\"@id\":\"https:\/\/televitis.unirioja.es\/#website\",\"url\":\"https:\/\/televitis.unirioja.es\/\",\"name\":\"Televitis\",\"description\":\"\",\"publisher\":{\"@id\":\"https:\/\/televitis.unirioja.es\/#organization\"},\"potentialAction\":[{\"@type\":\"SearchAction\",\"target\":{\"@type\":\"EntryPoint\",\"urlTemplate\":\"https:\/\/televitis.unirioja.es\/?s={search_term_string}\"},\"query-input\":{\"@type\":\"PropertyValueSpecification\",\"valueRequired\":true,\"valueName\":\"search_term_string\"}}],\"inLanguage\":\"es\"},{\"@type\":\"Organization\",\"@id\":\"https:\/\/televitis.unirioja.es\/#organization\",\"name\":\"Grupo de investigaci\u00f3n Televitis\",\"url\":\"https:\/\/televitis.unirioja.es\/\",\"logo\":{\"@type\":\"ImageObject\",\"inLanguage\":\"es\",\"@id\":\"https:\/\/televitis.unirioja.es\/#\/schema\/logo\/image\/\",\"url\":\"https:\/\/televitis.unirioja.es\/wp-content\/uploads\/2015\/08\/logo_green.png\",\"contentUrl\":\"https:\/\/televitis.unirioja.es\/wp-content\/uploads\/2015\/08\/logo_green.png\",\"width\":138,\"height\":72,\"caption\":\"Grupo de investigaci\u00f3n Televitis\"},\"image\":{\"@id\":\"https:\/\/televitis.unirioja.es\/#\/schema\/logo\/image\/\"}}]}<\/script>\n<!-- \/ Yoast SEO plugin. -->","yoast_head_json":{"title":"Aplicaci\u00f3n y estudio de sensores no destructivos en la evaluaci\u00f3n de la composici\u00f3n y calidad de la uva - Televitis","robots":{"index":"index","follow":"follow","max-snippet":"max-snippet:-1","max-image-preview":"max-image-preview:large","max-video-preview":"max-video-preview:-1"},"canonical":"https:\/\/televitis.unirioja.es\/index.php\/investigacion\/sensores-no-invasivos\/aplicacion-y-estudio-de-sensores-no-destructivos-en-la-evaluacion-de-la-composicion-y-calidad-de-la-uva\/","og_locale":"es_ES","og_type":"article","og_title":"Aplicaci\u00f3n y estudio de sensores no destructivos en la evaluaci\u00f3n de la composici\u00f3n y calidad de la uva - Televitis","og_url":"https:\/\/televitis.unirioja.es\/index.php\/investigacion\/sensores-no-invasivos\/aplicacion-y-estudio-de-sensores-no-destructivos-en-la-evaluacion-de-la-composicion-y-calidad-de-la-uva\/","og_site_name":"Televitis","article_modified_time":"2015-09-01T10:02:52+00:00","twitter_card":"summary_large_image","schema":{"@context":"https:\/\/schema.org","@graph":[{"@type":"WebPage","@id":"https:\/\/televitis.unirioja.es\/index.php\/investigacion\/sensores-no-invasivos\/aplicacion-y-estudio-de-sensores-no-destructivos-en-la-evaluacion-de-la-composicion-y-calidad-de-la-uva\/","url":"https:\/\/televitis.unirioja.es\/index.php\/investigacion\/sensores-no-invasivos\/aplicacion-y-estudio-de-sensores-no-destructivos-en-la-evaluacion-de-la-composicion-y-calidad-de-la-uva\/","name":"Aplicaci\u00f3n y estudio de sensores no destructivos en la evaluaci\u00f3n de la composici\u00f3n y calidad de la uva - Televitis","isPartOf":{"@id":"https:\/\/televitis.unirioja.es\/#website"},"datePublished":"2015-09-01T10:02:34+00:00","dateModified":"2015-09-01T10:02:52+00:00","breadcrumb":{"@id":"https:\/\/televitis.unirioja.es\/index.php\/investigacion\/sensores-no-invasivos\/aplicacion-y-estudio-de-sensores-no-destructivos-en-la-evaluacion-de-la-composicion-y-calidad-de-la-uva\/#breadcrumb"},"inLanguage":"es","potentialAction":[{"@type":"ReadAction","target":["https:\/\/televitis.unirioja.es\/index.php\/investigacion\/sensores-no-invasivos\/aplicacion-y-estudio-de-sensores-no-destructivos-en-la-evaluacion-de-la-composicion-y-calidad-de-la-uva\/"]}]},{"@type":"BreadcrumbList","@id":"https:\/\/televitis.unirioja.es\/index.php\/investigacion\/sensores-no-invasivos\/aplicacion-y-estudio-de-sensores-no-destructivos-en-la-evaluacion-de-la-composicion-y-calidad-de-la-uva\/#breadcrumb","itemListElement":[{"@type":"ListItem","position":1,"name":"Portada","item":"https:\/\/televitis.unirioja.es\/"},{"@type":"ListItem","position":2,"name":"Investigaci\u00f3n","item":"https:\/\/televitis.unirioja.es\/index.php\/investigacion\/"},{"@type":"ListItem","position":3,"name":"Sensores no invasivos","item":"https:\/\/televitis.unirioja.es\/index.php\/investigacion\/sensores-no-invasivos\/"},{"@type":"ListItem","position":4,"name":"Aplicaci\u00f3n y estudio de sensores no destructivos en la evaluaci\u00f3n de la composici\u00f3n y calidad de la uva"}]},{"@type":"WebSite","@id":"https:\/\/televitis.unirioja.es\/#website","url":"https:\/\/televitis.unirioja.es\/","name":"Televitis","description":"","publisher":{"@id":"https:\/\/televitis.unirioja.es\/#organization"},"potentialAction":[{"@type":"SearchAction","target":{"@type":"EntryPoint","urlTemplate":"https:\/\/televitis.unirioja.es\/?s={search_term_string}"},"query-input":{"@type":"PropertyValueSpecification","valueRequired":true,"valueName":"search_term_string"}}],"inLanguage":"es"},{"@type":"Organization","@id":"https:\/\/televitis.unirioja.es\/#organization","name":"Grupo de investigaci\u00f3n Televitis","url":"https:\/\/televitis.unirioja.es\/","logo":{"@type":"ImageObject","inLanguage":"es","@id":"https:\/\/televitis.unirioja.es\/#\/schema\/logo\/image\/","url":"https:\/\/televitis.unirioja.es\/wp-content\/uploads\/2015\/08\/logo_green.png","contentUrl":"https:\/\/televitis.unirioja.es\/wp-content\/uploads\/2015\/08\/logo_green.png","width":138,"height":72,"caption":"Grupo de investigaci\u00f3n Televitis"},"image":{"@id":"https:\/\/televitis.unirioja.es\/#\/schema\/logo\/image\/"}}]}},"_links":{"self":[{"href":"https:\/\/televitis.unirioja.es\/index.php\/wp-json\/wp\/v2\/pages\/3896","targetHints":{"allow":["GET"]}}],"collection":[{"href":"https:\/\/televitis.unirioja.es\/index.php\/wp-json\/wp\/v2\/pages"}],"about":[{"href":"https:\/\/televitis.unirioja.es\/index.php\/wp-json\/wp\/v2\/types\/page"}],"author":[{"embeddable":true,"href":"https:\/\/televitis.unirioja.es\/index.php\/wp-json\/wp\/v2\/users\/1"}],"replies":[{"embeddable":true,"href":"https:\/\/televitis.unirioja.es\/index.php\/wp-json\/wp\/v2\/comments?post=3896"}],"version-history":[{"count":0,"href":"https:\/\/televitis.unirioja.es\/index.php\/wp-json\/wp\/v2\/pages\/3896\/revisions"}],"up":[{"embeddable":true,"href":"https:\/\/televitis.unirioja.es\/index.php\/wp-json\/wp\/v2\/pages\/3849"}],"wp:attachment":[{"href":"https:\/\/televitis.unirioja.es\/index.php\/wp-json\/wp\/v2\/media?parent=3896"}],"curies":[{"name":"wp","href":"https:\/\/api.w.org\/{rel}","templated":true}]}}